{"id":3352,"date":"2016-10-25T15:53:49","date_gmt":"2016-10-25T15:53:49","guid":{"rendered":"http:\/\/www.sgcsmanagement.com\/?page_id=3352"},"modified":"2025-12-08T14:41:00","modified_gmt":"2025-12-08T14:41:00","slug":"creation-societe-montenegro","status":"publish","type":"page","link":"https:\/\/www.sgcsmanagement.com\/fr\/creation-societe-montenegro\/","title":{"rendered":"Cr\u00e9ation De Soci\u00e9t\u00e9 au Montenegro"},"content":{"rendered":"\t\t<div data-elementor-type=\"wp-page\" data-elementor-id=\"3352\" class=\"elementor elementor-3352 elementor-3344\" data-elementor-post-type=\"page\">\n\t\t\t\t<div class=\"elementor-element elementor-element-16949cc7 e-con-full e-flex e-con e-parent\" data-id=\"16949cc7\" data-element_type=\"container\" data-e-type=\"container\" data-settings=\"{&quot;background_background&quot;:&quot;gradient&quot;}\">\n\t\t<div class=\"elementor-element elementor-element-62edbf89 e-con-full e-flex e-con e-child\" data-id=\"62edbf89\" data-element_type=\"container\" data-e-type=\"container\">\n\t\t\t\t<div class=\"elementor-element elementor-element-20b0b33d elementor-invisible elementor-widget elementor-widget-image\" data-id=\"20b0b33d\" data-element_type=\"widget\" data-e-type=\"widget\" data-settings=\"{&quot;motion_fx_motion_fx_scrolling&quot;:&quot;yes&quot;,&quot;motion_fx_translateY_effect&quot;:&quot;yes&quot;,&quot;motion_fx_translateY_direction&quot;:&quot;negative&quot;,&quot;motion_fx_translateY_speed&quot;:{&quot;unit&quot;:&quot;px&quot;,&quot;size&quot;:1.5,&quot;sizes&quot;:[]},&quot;_animation&quot;:&quot;slideInLeft&quot;,&quot;motion_fx_translateY_affectedRange&quot;:{&quot;unit&quot;:&quot;%&quot;,&quot;size&quot;:&quot;&quot;,&quot;sizes&quot;:{&quot;start&quot;:0,&quot;end&quot;:100}},&quot;motion_fx_devices&quot;:[&quot;desktop&quot;,&quot;tablet&quot;,&quot;mobile&quot;]}\" data-widget_type=\"image.default\">\n\t\t\t\t\t\t\t\t\t\t\t\t\t\t\t<img fetchpriority=\"high\" decoding=\"async\" width=\"2000\" height=\"1325\" src=\"https:\/\/www.sgcsmanagement.com\/wp-content\/uploads\/2024\/11\/Montenegro-\u2014-\u043a\u043e\u043f\u0438\u044f.jpg\" class=\"attachment-large size-large wp-image-18577\" alt=\"Cr\u00e9ation De Soci\u00e9t\u00e9 Au Montenegro\" srcset=\"https:\/\/www.sgcsmanagement.com\/wp-content\/uploads\/2024\/11\/Montenegro-\u2014-\u043a\u043e\u043f\u0438\u044f.jpg 2000w, https:\/\/www.sgcsmanagement.com\/wp-content\/uploads\/2024\/11\/Montenegro-\u2014-\u043a\u043e\u043f\u0438\u044f-768x509.jpg 768w, https:\/\/www.sgcsmanagement.com\/wp-content\/uploads\/2024\/11\/Montenegro-\u2014-\u043a\u043e\u043f\u0438\u044f-1536x1018.jpg 1536w\" sizes=\"(max-width: 2000px) 100vw, 2000px\" \/>\t\t\t\t\t\t\t\t\t\t\t\t\t\t\t<\/div>\n\t\t\t\t<\/div>\n\t\t<div class=\"elementor-element elementor-element-c43fa1f e-con-full e-flex e-con e-child\" data-id=\"c43fa1f\" data-element_type=\"container\" data-e-type=\"container\">\n\t\t<div class=\"elementor-element elementor-element-2636a00c e-flex e-con-boxed e-con e-child\" data-id=\"2636a00c\" data-element_type=\"container\" data-e-type=\"container\">\n\t\t\t\t\t<div class=\"e-con-inner\">\n\t\t\t\t<div class=\"elementor-element elementor-element-e084b1f animated-slow elementor-invisible elementor-widget elementor-widget-heading\" data-id=\"e084b1f\" data-element_type=\"widget\" data-e-type=\"widget\" data-settings=\"{&quot;_animation&quot;:&quot;fadeIn&quot;}\" data-widget_type=\"heading.default\">\n\t\t\t\t\t<h1 class=\"elementor-heading-title elementor-size-default\">Cr\u00e9ation De Soci\u00e9t\u00e9 Au Montenegro : Votre Passerelle Vers le Succ\u00e8s Commercial<\/h1>\t\t\t\t<\/div>\n\t\t\t\t<div class=\"elementor-element elementor-element-53cad759 elementor-mobile-align-justify animated-fast elementor-invisible elementor-widget elementor-widget-button\" data-id=\"53cad759\" data-element_type=\"widget\" data-e-type=\"widget\" data-settings=\"{&quot;_animation&quot;:&quot;fadeIn&quot;,&quot;_animation_delay&quot;:400}\" data-widget_type=\"button.default\">\n\t\t\t\t\t\t\t\t\t\t<a class=\"elementor-button elementor-button-link elementor-size-sm elementor-animation-float\" href=\"https:\/\/www.sgcsmanagement.com\/fr\/contactez-nous\/\">\n\t\t\t\t\t\t<span class=\"elementor-button-content-wrapper\">\n\t\t\t\t\t\t\t\t\t<span class=\"elementor-button-text\">Obtenir un devis<\/span>\n\t\t\t\t\t<\/span>\n\t\t\t\t\t<\/a>\n\t\t\t\t\t\t\t\t<\/div>\n\t\t\t\t\t<\/div>\n\t\t\t\t<\/div>\n\t\t\t\t<\/div>\n\t\t\t\t<\/div>\n\t\t<div class=\"elementor-element elementor-element-5aee5878 e-flex e-con-boxed e-con e-parent\" data-id=\"5aee5878\" data-element_type=\"container\" data-e-type=\"container\">\n\t\t\t\t\t<div class=\"e-con-inner\">\n\t\t\t\t<div class=\"elementor-element elementor-element-37d2d308 animated-slow elementor-invisible elementor-widget elementor-widget-heading\" data-id=\"37d2d308\" data-element_type=\"widget\" data-e-type=\"widget\" data-settings=\"{&quot;_animation&quot;:&quot;fadeIn&quot;}\" data-widget_type=\"heading.default\">\n\t\t\t\t\t<h2 class=\"elementor-heading-title elementor-size-default\">Informations G\u00e9n\u00e9rales Sur La Cr\u00e9ation De Soci\u00e9t\u00e9 Au Montenegro<\/h2>\t\t\t\t<\/div>\n\t\t\t\t<div class=\"elementor-element elementor-element-6d54fb6d elementor-invisible elementor-widget elementor-widget-text-editor\" data-id=\"6d54fb6d\" data-element_type=\"widget\" data-e-type=\"widget\" data-settings=\"{&quot;_animation&quot;:&quot;fadeIn&quot;,&quot;_animation_delay&quot;:200}\" data-widget_type=\"text-editor.default\">\n\t\t\t\t\t\t\t\t\t<p data-start=\"434\" data-end=\"807\">Le Montenegro est un pays strat\u00e9gique, id\u00e9al pour les entrepreneurs. Il est situ\u00e9 sur la c\u00f4te adriatique, offrant une belle opportunit\u00e9 pour \u00e9tablir une entreprise. La <strong data-start=\"602\" data-end=\"639\">Cr\u00e9ation De Soci\u00e9t\u00e9 Au Montenegro<\/strong> est simple et avantageuse. Le type d\u2019entreprise le plus courant est la soci\u00e9t\u00e9 \u00e0 responsabilit\u00e9 limit\u00e9e (SARL). Cela n\u00e9cessite au moins un actionnaire et un directeur.<\/p><p data-start=\"809\" data-end=\"1050\">Il est aussi possible de cr\u00e9er un conseil d\u2019administration. Les actionnaires peuvent \u00eatre des personnes physiques ou morales. De plus, aucun capital minimum n\u2019est requis. Toutefois, un compte bancaire doit \u00eatre ouvert au nom de l\u2019entreprise.<\/p><p data-start=\"1052\" data-end=\"1243\">Les actionnaires ne sont responsables qu\u2019\u00e0 hauteur de leur contribution, ce qui prot\u00e8ge leurs biens personnels. Cela rend <strong>la<\/strong> <strong data-start=\"1177\" data-end=\"1214\">Soci\u00e9t\u00e9 Au Montenegro<\/strong> particuli\u00e8rement attrayante.<\/p>\t\t\t\t\t\t\t\t<\/div>\n\t\t\t\t\t<\/div>\n\t\t\t\t<\/div>\n\t\t<div class=\"elementor-element elementor-element-7714a3d8 e-flex e-con-boxed elementor-invisible e-con e-parent\" data-id=\"7714a3d8\" data-element_type=\"container\" data-e-type=\"container\" data-settings=\"{&quot;animation&quot;:&quot;fadeInUp&quot;}\">\n\t\t\t\t\t<div class=\"e-con-inner\">\n\t\t<div class=\"elementor-element elementor-element-371246cc e-con-full e-flex e-con e-child\" data-id=\"371246cc\" data-element_type=\"container\" data-e-type=\"container\" data-settings=\"{&quot;background_background&quot;:&quot;classic&quot;}\">\n\t\t\t\t<div class=\"elementor-element elementor-element-160ba7fe animated-slow elementor-invisible elementor-widget elementor-widget-heading\" data-id=\"160ba7fe\" data-element_type=\"widget\" data-e-type=\"widget\" data-settings=\"{&quot;_animation&quot;:&quot;fadeIn&quot;}\" data-widget_type=\"heading.default\">\n\t\t\t\t\t<h2 class=\"elementor-heading-title elementor-size-default\">Fiscalit\u00e9 et Avantages de la Cr\u00e9ation De Soci\u00e9t\u00e9 Au Montenegro<\/h2>\t\t\t\t<\/div>\n\t\t\t\t<div class=\"elementor-element elementor-element-6a7f40a1 elementor-invisible elementor-widget elementor-widget-text-editor\" data-id=\"6a7f40a1\" data-element_type=\"widget\" data-e-type=\"widget\" data-settings=\"{&quot;_animation&quot;:&quot;fadeIn&quot;,&quot;_animation_delay&quot;:200}\" data-widget_type=\"text-editor.default\">\n\t\t\t\t\t\t\t\t\t<p data-start=\"1322\" data-end=\"1560\">Le Montenegro propose une fiscalit\u00e9 avantageuse pour les entreprises. L\u2019imp\u00f4t sur les soci\u00e9t\u00e9s est de 9 %, ce qui est tr\u00e8s comp\u00e9titif. De plus, la TVA est fix\u00e9e \u00e0 19 %, mais il existe des taux r\u00e9duits de 7 % et 0 % pour certains produits.<\/p><p data-start=\"1562\" data-end=\"1804\">Concernant les dividendes et int\u00e9r\u00eats, la taxe est de 9 %. Toutefois, si vous avez un accord de double imposition avec votre pays, vous pourriez b\u00e9n\u00e9ficier d\u2019une r\u00e9duction ou d\u2019une exon\u00e9ration. Cela optimise les b\u00e9n\u00e9fices de votre entreprise.<\/p>\t\t\t\t\t\t\t\t<\/div>\n\t\t\t\t<\/div>\n\t\t\t\t\t<\/div>\n\t\t\t\t<\/div>\n\t\t<div class=\"elementor-element elementor-element-1d6d24ec e-flex e-con-boxed elementor-invisible e-con e-parent\" data-id=\"1d6d24ec\" data-element_type=\"container\" data-e-type=\"container\" data-settings=\"{&quot;animation&quot;:&quot;fadeInUp&quot;}\">\n\t\t\t\t\t<div class=\"e-con-inner\">\n\t\t<div class=\"elementor-element elementor-element-32bab58e e-con-full e-flex e-con e-child\" data-id=\"32bab58e\" data-element_type=\"container\" data-e-type=\"container\" data-settings=\"{&quot;background_background&quot;:&quot;classic&quot;}\">\n\t\t\t\t<div class=\"elementor-element elementor-element-f3bf307 animated-slow elementor-invisible elementor-widget elementor-widget-heading\" data-id=\"f3bf307\" data-element_type=\"widget\" data-e-type=\"widget\" data-settings=\"{&quot;_animation&quot;:&quot;fadeIn&quot;}\" data-widget_type=\"heading.default\">\n\t\t\t\t\t<h2 class=\"elementor-heading-title elementor-size-default\">Activit\u00e9s Principales<\/h2>\t\t\t\t<\/div>\n\t\t\t\t<div class=\"elementor-element elementor-element-6a92343f elementor-invisible elementor-widget elementor-widget-text-editor\" data-id=\"6a92343f\" data-element_type=\"widget\" data-e-type=\"widget\" data-settings=\"{&quot;_animation&quot;:&quot;fadeIn&quot;,&quot;_animation_delay&quot;:200}\" data-widget_type=\"text-editor.default\">\n\t\t\t\t\t\t\t\t\t<p data-start=\"1887\" data-end=\"1989\">Cr\u00e9er une soci\u00e9t\u00e9 au Montenegro vous permet de d\u00e9velopper diverses activit\u00e9s. Ces activit\u00e9s incluent :<\/p><ul data-start=\"1991\" data-end=\"2171\"><li data-start=\"1991\" data-end=\"2008\">Entrepreneuriat<\/li><li data-start=\"2009\" data-end=\"2021\">E-Commerce<\/li><li data-start=\"2022\" data-end=\"2034\">Consulting<\/li><li data-start=\"2035\" data-end=\"2050\">Import-Export<\/li><li data-start=\"2051\" data-end=\"2090\">Investissement et gestion immobili\u00e8re<\/li><li data-start=\"2091\" data-end=\"2131\">Gestion de la Propri\u00e9t\u00e9 Intellectuelle<\/li><li data-start=\"2132\" data-end=\"2160\">Organisation de Patrimoine<\/li><li data-start=\"2161\" data-end=\"2171\">Courtage<\/li><\/ul><p data-start=\"2194\" data-end=\"2513\">Le Montenegro est une destination id\u00e9ale pour les entrepreneurs. Sa fiscalit\u00e9 attractive, ses structures d\u2019entreprises flexibles et son emplacement strat\u00e9gique en Europe sont des atouts majeurs. La <strong data-start=\"2392\" data-end=\"2429\">Cr\u00e9ation De Soci\u00e9t\u00e9 Au Montenegro<\/strong> est une excellente opportunit\u00e9 pour r\u00e9ussir dans un march\u00e9 stable et en croissance.<\/p>\t\t\t\t\t\t\t\t<\/div>\n\t\t\t\t<\/div>\n\t\t\t\t\t<\/div>\n\t\t\t\t<\/div>\n\t\t<div class=\"elementor-element elementor-element-37c38180 e-flex e-con-boxed e-con e-parent\" data-id=\"37c38180\" data-element_type=\"container\" data-e-type=\"container\" data-settings=\"{&quot;background_background&quot;:&quot;classic&quot;}\">\n\t\t\t\t\t<div class=\"e-con-inner\">\n\t\t\t\t<div class=\"elementor-element elementor-element-541542a elementor-widget elementor-widget-heading\" data-id=\"541542a\" data-element_type=\"widget\" data-e-type=\"widget\" data-widget_type=\"heading.default\">\n\t\t\t\t\t<h2 class=\"elementor-heading-title elementor-size-default\">Contactez-nous d\u00e8s aujourd\u2019hui pour d\u00e9marrer votre projet au Montenegro.<\/h2>\t\t\t\t<\/div>\n\t\t\t\t<div class=\"elementor-element elementor-element-61316cbd elementor-mobile-align-justify animated-fast elementor-align-center elementor-invisible elementor-widget elementor-widget-button\" data-id=\"61316cbd\" data-element_type=\"widget\" data-e-type=\"widget\" data-settings=\"{&quot;_animation&quot;:&quot;fadeIn&quot;,&quot;_animation_delay&quot;:400}\" data-widget_type=\"button.default\">\n\t\t\t\t\t\t\t\t\t\t<a class=\"elementor-button elementor-button-link elementor-size-sm elementor-animation-float\" href=\"https:\/\/www.sgcsmanagement.com\/fr\/contactez-nous\/\">\n\t\t\t\t\t\t<span class=\"elementor-button-content-wrapper\">\n\t\t\t\t\t\t\t\t\t<span class=\"elementor-button-text\">Obtenir un devis<\/span>\n\t\t\t\t\t<\/span>\n\t\t\t\t\t<\/a>\n\t\t\t\t\t\t\t\t<\/div>\n\t\t\t\t\t<\/div>\n\t\t\t\t<\/div>\n\t\t\t\t<\/div>\n\t\t","protected":false},"excerpt":{"rendered":"<p>Cr\u00e9ation De Soci\u00e9t\u00e9 Au Montenegro : Votre Passerelle Vers le Succ\u00e8s Commercial Obtenir un devis Informations G\u00e9n\u00e9rales Sur La Cr\u00e9ation De Soci\u00e9t\u00e9 Au Montenegro Le Montenegro est un pays strat\u00e9gique, id\u00e9al pour les entrepreneurs. Il est situ\u00e9 sur la c\u00f4te adriatique, offrant une belle opportunit\u00e9 pour \u00e9tablir une entreprise. La Cr\u00e9ation De Soci\u00e9t\u00e9 Au Montenegro [&hellip;]<\/p>\n","protected":false},"author":1,"featured_media":18577,"parent":0,"menu_order":0,"comment_status":"closed","ping_status":"closed","template":"","meta":{"footnotes":""},"class_list":["post-3352","page","type-page","status-publish","has-post-thumbnail","hentry"],"blocksy_meta":{"page_structure_type":"type-4","content_style_source":"custom","vertical_spacing_source":"custom","content_area_spacing":"none","styles_descriptor":{"styles":{"desktop":"[data-prefix=\"single_page\"] [class*=\"ct-container\"] > article[class*=\"post\"] {--has-boxed:var(--false);--has-wide:var(--true);}","tablet":"","mobile":""},"google_fonts":[],"version":6}},"yoast_head":"<!-- This site is optimized with the Yoast SEO plugin v27.2 - https:\/\/yoast.com\/product\/yoast-seo-wordpress\/ -->\n<title>Cr\u00e9ation de soci\u00e9t\u00e9 au Montenegro. Compte bancaire.<\/title>\n<meta name=\"description\" content=\"Cr\u00e9ation De Soci\u00e9t\u00e9 Au Montenegro. Soci\u00e9t\u00e9s internationales. L&#039;ouverture d&#039;un compte bancaire. Contactez-nous +41 22 310 85 60\" \/>\n<meta name=\"robots\" content=\"index, follow, max-snippet:-1, max-image-preview:large, max-video-preview:-1\" \/>\n<link rel=\"canonical\" href=\"https:\/\/www.sgcsmanagement.com\/company-formation-montenegro\/\" \/>\n<meta property=\"og:locale\" content=\"fr_FR\" \/>\n<meta property=\"og:type\" content=\"article\" \/>\n<meta property=\"og:title\" content=\"Cr\u00e9ation de soci\u00e9t\u00e9 au Montenegro. Compte bancaire.\" \/>\n<meta property=\"og:description\" content=\"Cr\u00e9ation De Soci\u00e9t\u00e9 Au Montenegro. Soci\u00e9t\u00e9s internationales. L&#039;ouverture d&#039;un compte bancaire. Contactez-nous +41 22 310 85 60\" \/>\n<meta property=\"og:url\" content=\"https:\/\/www.sgcsmanagement.com\/company-formation-montenegro\/\" \/>\n<meta property=\"og:site_name\" content=\"SwissGlobalCorporateServices\" \/>\n<meta property=\"article:modified_time\" content=\"2025-12-08T14:41:00+00:00\" \/>\n<meta property=\"og:image\" content=\"https:\/\/www.sgcsmanagement.com\/wp-content\/uploads\/2024\/11\/Montenegro-\u2014-\u043a\u043e\u043f\u0438\u044f.jpg\" \/>\n\t<meta property=\"og:image:width\" content=\"2000\" \/>\n\t<meta property=\"og:image:height\" content=\"1325\" \/>\n\t<meta property=\"og:image:type\" content=\"image\/jpeg\" \/>\n<meta name=\"twitter:card\" content=\"summary_large_image\" \/>\n<meta name=\"twitter:label1\" content=\"Dur\u00e9e de lecture estim\u00e9e\" \/>\n\t<meta name=\"twitter:data1\" content=\"2 minutes\" \/>\n<script type=\"application\/ld+json\" class=\"yoast-schema-graph\">{\"@context\":\"https:\/\/schema.org\",\"@graph\":[{\"@type\":\"WebPage\",\"@id\":\"https:\/\/www.sgcsmanagement.com\/company-formation-montenegro\/\",\"url\":\"https:\/\/www.sgcsmanagement.com\/company-formation-montenegro\/\",\"name\":\"Cr\u00e9ation de soci\u00e9t\u00e9 au Montenegro. Compte bancaire.\",\"isPartOf\":{\"@id\":\"https:\/\/www.sgcsmanagement.com\/#website\"},\"primaryImageOfPage\":{\"@id\":\"https:\/\/www.sgcsmanagement.com\/company-formation-montenegro\/#primaryimage\"},\"image\":{\"@id\":\"https:\/\/www.sgcsmanagement.com\/company-formation-montenegro\/#primaryimage\"},\"thumbnailUrl\":\"https:\/\/www.sgcsmanagement.com\/wp-content\/uploads\/2024\/11\/Montenegro-\u2014-\u043a\u043e\u043f\u0438\u044f.jpg\",\"datePublished\":\"2016-10-25T15:53:49+00:00\",\"dateModified\":\"2025-12-08T14:41:00+00:00\",\"description\":\"Cr\u00e9ation De Soci\u00e9t\u00e9 Au Montenegro. Soci\u00e9t\u00e9s internationales. L'ouverture d'un compte bancaire. Contactez-nous +41 22 310 85 60\",\"breadcrumb\":{\"@id\":\"https:\/\/www.sgcsmanagement.com\/company-formation-montenegro\/#breadcrumb\"},\"inLanguage\":\"fr-FR\",\"potentialAction\":[{\"@type\":\"ReadAction\",\"target\":[\"https:\/\/www.sgcsmanagement.com\/company-formation-montenegro\/\"]}]},{\"@type\":\"ImageObject\",\"inLanguage\":\"fr-FR\",\"@id\":\"https:\/\/www.sgcsmanagement.com\/company-formation-montenegro\/#primaryimage\",\"url\":\"https:\/\/www.sgcsmanagement.com\/wp-content\/uploads\/2024\/11\/Montenegro-\u2014-\u043a\u043e\u043f\u0438\u044f.jpg\",\"contentUrl\":\"https:\/\/www.sgcsmanagement.com\/wp-content\/uploads\/2024\/11\/Montenegro-\u2014-\u043a\u043e\u043f\u0438\u044f.jpg\",\"width\":2000,\"height\":1325,\"caption\":\"Cr\u00e9ation De Soci\u00e9t\u00e9 Au Montenegro\"},{\"@type\":\"BreadcrumbList\",\"@id\":\"https:\/\/www.sgcsmanagement.com\/company-formation-montenegro\/#breadcrumb\",\"itemListElement\":[{\"@type\":\"ListItem\",\"position\":1,\"name\":\"Home\",\"item\":\"https:\/\/www.sgcsmanagement.com\/\"},{\"@type\":\"ListItem\",\"position\":2,\"name\":\"Cr\u00e9ation De Soci\u00e9t\u00e9 au Montenegro\"}]},{\"@type\":\"WebSite\",\"@id\":\"https:\/\/www.sgcsmanagement.com\/#website\",\"url\":\"https:\/\/www.sgcsmanagement.com\/\",\"name\":\"SwissGlobalCorporateServices\",\"description\":\"\",\"publisher\":{\"@id\":\"https:\/\/www.sgcsmanagement.com\/#organization\"},\"potentialAction\":[{\"@type\":\"SearchAction\",\"target\":{\"@type\":\"EntryPoint\",\"urlTemplate\":\"https:\/\/www.sgcsmanagement.com\/?s={search_term_string}\"},\"query-input\":{\"@type\":\"PropertyValueSpecification\",\"valueRequired\":true,\"valueName\":\"search_term_string\"}}],\"inLanguage\":\"fr-FR\"},{\"@type\":\"Organization\",\"@id\":\"https:\/\/www.sgcsmanagement.com\/#organization\",\"name\":\"Swiss Global Corporate Services\",\"url\":\"https:\/\/www.sgcsmanagement.com\/\",\"logo\":{\"@type\":\"ImageObject\",\"inLanguage\":\"fr-FR\",\"@id\":\"https:\/\/www.sgcsmanagement.com\/#\/schema\/logo\/image\/\",\"url\":\"https:\/\/www.sgcsmanagement.com\/wp-content\/uploads\/2018\/09\/logo_sgcs.png\",\"contentUrl\":\"https:\/\/www.sgcsmanagement.com\/wp-content\/uploads\/2018\/09\/logo_sgcs.png\",\"width\":320,\"height\":110,\"caption\":\"Swiss Global Corporate Services\"},\"image\":{\"@id\":\"https:\/\/www.sgcsmanagement.com\/#\/schema\/logo\/image\/\"}}]}<\/script>\n<!-- \/ Yoast SEO plugin. -->","yoast_head_json":{"title":"Cr\u00e9ation de soci\u00e9t\u00e9 au Montenegro. Compte bancaire.","description":"Cr\u00e9ation De Soci\u00e9t\u00e9 Au Montenegro. Soci\u00e9t\u00e9s internationales. L'ouverture d'un compte bancaire. Contactez-nous +41 22 310 85 60","robots":{"index":"index","follow":"follow","max-snippet":"max-snippet:-1","max-image-preview":"max-image-preview:large","max-video-preview":"max-video-preview:-1"},"canonical":"https:\/\/www.sgcsmanagement.com\/company-formation-montenegro\/","og_locale":"fr_FR","og_type":"article","og_title":"Cr\u00e9ation de soci\u00e9t\u00e9 au Montenegro. Compte bancaire.","og_description":"Cr\u00e9ation De Soci\u00e9t\u00e9 Au Montenegro. Soci\u00e9t\u00e9s internationales. L'ouverture d'un compte bancaire. Contactez-nous +41 22 310 85 60","og_url":"https:\/\/www.sgcsmanagement.com\/company-formation-montenegro\/","og_site_name":"SwissGlobalCorporateServices","article_modified_time":"2025-12-08T14:41:00+00:00","og_image":[{"url":"https:\/\/www.sgcsmanagement.com\/wp-content\/uploads\/2024\/11\/Montenegro-\u2014-\u043a\u043e\u043f\u0438\u044f.jpg","width":2000,"height":1325,"type":"image\/jpeg"}],"twitter_card":"summary_large_image","twitter_misc":{"Dur\u00e9e de lecture estim\u00e9e":"2 minutes"},"schema":{"@context":"https:\/\/schema.org","@graph":[{"@type":"WebPage","@id":"https:\/\/www.sgcsmanagement.com\/company-formation-montenegro\/","url":"https:\/\/www.sgcsmanagement.com\/company-formation-montenegro\/","name":"Cr\u00e9ation de soci\u00e9t\u00e9 au Montenegro. Compte bancaire.","isPartOf":{"@id":"https:\/\/www.sgcsmanagement.com\/#website"},"primaryImageOfPage":{"@id":"https:\/\/www.sgcsmanagement.com\/company-formation-montenegro\/#primaryimage"},"image":{"@id":"https:\/\/www.sgcsmanagement.com\/company-formation-montenegro\/#primaryimage"},"thumbnailUrl":"https:\/\/www.sgcsmanagement.com\/wp-content\/uploads\/2024\/11\/Montenegro-\u2014-\u043a\u043e\u043f\u0438\u044f.jpg","datePublished":"2016-10-25T15:53:49+00:00","dateModified":"2025-12-08T14:41:00+00:00","description":"Cr\u00e9ation De Soci\u00e9t\u00e9 Au Montenegro. Soci\u00e9t\u00e9s internationales. L'ouverture d'un compte bancaire. Contactez-nous +41 22 310 85 60","breadcrumb":{"@id":"https:\/\/www.sgcsmanagement.com\/company-formation-montenegro\/#breadcrumb"},"inLanguage":"fr-FR","potentialAction":[{"@type":"ReadAction","target":["https:\/\/www.sgcsmanagement.com\/company-formation-montenegro\/"]}]},{"@type":"ImageObject","inLanguage":"fr-FR","@id":"https:\/\/www.sgcsmanagement.com\/company-formation-montenegro\/#primaryimage","url":"https:\/\/www.sgcsmanagement.com\/wp-content\/uploads\/2024\/11\/Montenegro-\u2014-\u043a\u043e\u043f\u0438\u044f.jpg","contentUrl":"https:\/\/www.sgcsmanagement.com\/wp-content\/uploads\/2024\/11\/Montenegro-\u2014-\u043a\u043e\u043f\u0438\u044f.jpg","width":2000,"height":1325,"caption":"Cr\u00e9ation De Soci\u00e9t\u00e9 Au Montenegro"},{"@type":"BreadcrumbList","@id":"https:\/\/www.sgcsmanagement.com\/company-formation-montenegro\/#breadcrumb","itemListElement":[{"@type":"ListItem","position":1,"name":"Home","item":"https:\/\/www.sgcsmanagement.com\/"},{"@type":"ListItem","position":2,"name":"Cr\u00e9ation De Soci\u00e9t\u00e9 au Montenegro"}]},{"@type":"WebSite","@id":"https:\/\/www.sgcsmanagement.com\/#website","url":"https:\/\/www.sgcsmanagement.com\/","name":"SwissGlobalCorporateServices","description":"","publisher":{"@id":"https:\/\/www.sgcsmanagement.com\/#organization"},"potentialAction":[{"@type":"SearchAction","target":{"@type":"EntryPoint","urlTemplate":"https:\/\/www.sgcsmanagement.com\/?s={search_term_string}"},"query-input":{"@type":"PropertyValueSpecification","valueRequired":true,"valueName":"search_term_string"}}],"inLanguage":"fr-FR"},{"@type":"Organization","@id":"https:\/\/www.sgcsmanagement.com\/#organization","name":"Swiss Global Corporate Services","url":"https:\/\/www.sgcsmanagement.com\/","logo":{"@type":"ImageObject","inLanguage":"fr-FR","@id":"https:\/\/www.sgcsmanagement.com\/#\/schema\/logo\/image\/","url":"https:\/\/www.sgcsmanagement.com\/wp-content\/uploads\/2018\/09\/logo_sgcs.png","contentUrl":"https:\/\/www.sgcsmanagement.com\/wp-content\/uploads\/2018\/09\/logo_sgcs.png","width":320,"height":110,"caption":"Swiss Global Corporate Services"},"image":{"@id":"https:\/\/www.sgcsmanagement.com\/#\/schema\/logo\/image\/"}}]}},"_links":{"self":[{"href":"https:\/\/www.sgcsmanagement.com\/fr\/wp-json\/wp\/v2\/pages\/3352","targetHints":{"allow":["GET"]}}],"collection":[{"href":"https:\/\/www.sgcsmanagement.com\/fr\/wp-json\/wp\/v2\/pages"}],"about":[{"href":"https:\/\/www.sgcsmanagement.com\/fr\/wp-json\/wp\/v2\/types\/page"}],"author":[{"embeddable":true,"href":"https:\/\/www.sgcsmanagement.com\/fr\/wp-json\/wp\/v2\/users\/1"}],"replies":[{"embeddable":true,"href":"https:\/\/www.sgcsmanagement.com\/fr\/wp-json\/wp\/v2\/comments?post=3352"}],"version-history":[{"count":0,"href":"https:\/\/www.sgcsmanagement.com\/fr\/wp-json\/wp\/v2\/pages\/3352\/revisions"}],"wp:featuredmedia":[{"embeddable":true,"href":"https:\/\/www.sgcsmanagement.com\/fr\/wp-json\/wp\/v2\/media\/18577"}],"wp:attachment":[{"href":"https:\/\/www.sgcsmanagement.com\/fr\/wp-json\/wp\/v2\/media?parent=3352"}],"curies":[{"name":"wp","href":"https:\/\/api.w.org\/{rel}","templated":true}]}}